{"id":94,"date":"2019-07-30T01:27:20","date_gmt":"2019-07-30T01:27:20","guid":{"rendered":"http:\/\/energaspys.com\/?page_id=94"},"modified":"2019-08-01T00:48:46","modified_gmt":"2019-08-01T00:48:46","slug":"nuestros-servicios","status":"publish","type":"page","link":"https:\/\/energaspys.com\/?page_id=94","title":{"rendered":"Sistemas Contraincendios"},"content":{"rendered":"\n<div class=\"wp-block-cover has-background-dim\" style=\"background-image:url(http:\/\/energaspys.com\/wp-content\/uploads\/2019\/07\/planta2.jpg)\"><div class=\"wp-block-cover__inner-container\">\n<ul><li>Suministro e instalaci\u00f3n de v\u00e1lvulas de control autom\u00e1tico para redes contraincendio y proceso. (representante de DOROT). <\/ul><\/li>\n<ul><li>Suministro, instalaci\u00f3n y mantenimiento de bombas contraincendio.<\/ul><\/li>\n<ul><li>Suministro y mantenimiento de camiones contraincendio (representante de <strong>FORT GARRY FIRE TRUCKS<\/strong>, Winnipeg C\u00e1nada).<\/ul><\/li>\n<ul><li>Dise\u00f1o, ingenier\u00eda, instalaci\u00f3n y mantenimiento de sistema de redes contraincendio.<\/ul><\/li>\n<ul><li>Suministro de agente  espumante AR AFFF 3%X3% Y AFFF 3% X 3%. (representante <strong>CONTRATO MARCO CC-2007001 VERDE ENVIRONMENTAL<\/strong>).<\/ul><\/li>\n<ul><li>Suministro de insumos ambientales para la anteci\u00f3n de emergencias: Cordones Oleof\u00edlicos, Materiales Aglutinantes, Biog\u00e9nicos e Hidrof\u00f3bicos  (OILEX) Y MICROBLAZE (producto remediador).<\/ul><\/li><\/p>\n<\/div><\/div>\n","protected":false},"excerpt":{"rendered":"","protected":false},"author":1,"featured_media":0,"parent":0,"menu_order":0,"comment_status":"closed","ping_status":"closed","template":"","meta":[],"_links":{"self":[{"href":"https:\/\/energaspys.com\/index.php?rest_route=\/wp\/v2\/pages\/94"}],"collection":[{"href":"https:\/\/energaspys.com\/index.php?rest_route=\/wp\/v2\/pages"}],"about":[{"href":"https:\/\/energaspys.com\/index.php?rest_route=\/wp\/v2\/types\/page"}],"author":[{"embeddable":true,"href":"https:\/\/energaspys.com\/index.php?rest_route=\/wp\/v2\/users\/1"}],"replies":[{"embeddable":true,"href":"https:\/\/energaspys.com\/index.php?rest_route=%2Fwp%2Fv2%2Fcomments&post=94"}],"version-history":[{"count":11,"href":"https:\/\/energaspys.com\/index.php?rest_route=\/wp\/v2\/pages\/94\/revisions"}],"predecessor-version":[{"id":182,"href":"https:\/\/energaspys.com\/index.php?rest_route=\/wp\/v2\/pages\/94\/revisions\/182"}],"wp:attachment":[{"href":"https:\/\/energaspys.com\/index.php?rest_route=%2Fwp%2Fv2%2Fmedia&parent=94"}],"curies":[{"name":"wp","href":"https:\/\/api.w.org\/{rel}","templated":true}]}}