{"id":45,"date":"2019-07-23T18:31:16","date_gmt":"2019-07-23T18:31:16","guid":{"rendered":"http:\/\/energaspys.com\/?page_id=45"},"modified":"2019-07-30T01:01:49","modified_gmt":"2019-07-30T01:01:49","slug":"energas","status":"publish","type":"page","link":"https:\/\/energaspys.com\/?page_id=45","title":{"rendered":"QUIENES SOMOS Y QUE HACEMOS"},"content":{"rendered":"\n<h2>Somos una empresa mexicana especializada en el Sector Hidrocarburos &amp; Power.<\/h2>\n\n\n\n<p>Proporcionamos:<\/p>\n\n\n\n<ul><li>Consultor\u00eda en las diferentes l\u00edneas de negocio de la cadena de valor del <em>sector hidrocarburos &amp; power<\/em><\/li><li>Servicios de <em>asesor\u00eda t\u00e9cnica especializada<\/em> en integridad mec\u00e1nica y seguridad industrial<\/li><li>Soluciones de <em>seguridad industrial y protecci\u00f3n al medio ambiente<\/em><\/li><li>Servicio integral para <em>tratamiento de aguas residuales y de proceso<\/em><\/li><li>Construcci\u00f3n, mantenimiento, rehabilitaci\u00f3n y reparaci\u00f3n de <em>plantas de procesos f\u00edsicos y qu\u00edmicos<\/em><\/li><li>Centrales el\u00e9ctricas y de fuerza<\/li><li>Programas de confiabilidad y Gesti\u00f3n de activos<\/li><li>Venta de equipo contraincendio y equipo especial<\/li><li>Representante de marcas industriales y de servicios<\/li><\/ul>\n\n\n\n<p><strong>Nuestro personal tiene mas de 25 a\u00f1os de en experiencia <\/strong><\/p>\n","protected":false},"excerpt":{"rendered":"<p>Somos una empresa mexicana especializada en el Sector Hidrocarburos &amp; Power. Proporcionamos: Consultor\u00eda en las diferentes l\u00edneas de negocio de la cadena de valor del sector hidrocarburos &amp; power Servicios de asesor\u00eda t\u00e9cnica especializada en integridad mec\u00e1nica y seguridad industrial Soluciones de seguridad industrial y protecci\u00f3n al medio ambiente Servicio integral para tratamiento de aguas &hellip; <a href=\"https:\/\/energaspys.com\/?page_id=45\" class=\"more-link\">Continue reading <span class=\"screen-reader-text\">QUIENES SOMOS Y QUE HACEMOS<\/span><\/a><\/p>\n","protected":false},"author":1,"featured_media":0,"parent":0,"menu_order":0,"comment_status":"closed","ping_status":"closed","template":"","meta":[],"_links":{"self":[{"href":"https:\/\/energaspys.com\/index.php?rest_route=\/wp\/v2\/pages\/45"}],"collection":[{"href":"https:\/\/energaspys.com\/index.php?rest_route=\/wp\/v2\/pages"}],"about":[{"href":"https:\/\/energaspys.com\/index.php?rest_route=\/wp\/v2\/types\/page"}],"author":[{"embeddable":true,"href":"https:\/\/energaspys.com\/index.php?rest_route=\/wp\/v2\/users\/1"}],"replies":[{"embeddable":true,"href":"https:\/\/energaspys.com\/index.php?rest_route=%2Fwp%2Fv2%2Fcomments&post=45"}],"version-history":[{"count":5,"href":"https:\/\/energaspys.com\/index.php?rest_route=\/wp\/v2\/pages\/45\/revisions"}],"predecessor-version":[{"id":102,"href":"https:\/\/energaspys.com\/index.php?rest_route=\/wp\/v2\/pages\/45\/revisions\/102"}],"wp:attachment":[{"href":"https:\/\/energaspys.com\/index.php?rest_route=%2Fwp%2Fv2%2Fmedia&parent=45"}],"curies":[{"name":"wp","href":"https:\/\/api.w.org\/{rel}","templated":true}]}}