{"id":123,"date":"2019-07-31T17:32:48","date_gmt":"2019-07-31T17:32:48","guid":{"rendered":"http:\/\/energaspys.com\/?page_id=123"},"modified":"2019-07-31T17:40:08","modified_gmt":"2019-07-31T17:40:08","slug":"ingenieria-basica","status":"publish","type":"page","link":"https:\/\/energaspys.com\/?page_id=123","title":{"rendered":"Ingenier\u00eda B\u00e1sica"},"content":{"rendered":"\n<div class=\"wp-block-cover has-background-dim\" style=\"background-image:url(http:\/\/energaspys.com\/wp-content\/uploads\/2019\/07\/energas-2.jpg)\"><div class=\"wp-block-cover__inner-container\">\n<p>Desarrollo de ingenier\u00eda b\u00e1sica y de detalle, construcci\u00f3n de planta y servicios PRE-COMMISSIONING &amp; COMMISSIONING, puesta en marcha, y servicios de PRE y POST-ARRANQUE para:<\/p>\n\n<p><strong>Centrales El\u00e9ctricas<\/strong>\n<ul><li>Ciclos simples<\/li>\n<li>Ciclos combinados: Rankine y ciclo Org\u00e1nico Rankine (ORC)<\/li><\/ul>\n<\/p>\n\n<p><strong>Energ\u00edas Limpias y Renovables<\/strong>\n<ul><li>Cogeneraci\u00f3n<\/li>\n<li>Expnasi\u00f3n de gas<\/li>\n<li>ORC y recuperaci\u00f3n residual<\/li>\n<li>Solar<\/ul><\/li><\/p>\n\n<p><strong>Construcci\u00f3n de plantas de procesos f\u00edsicos y qu\u00edmicos<\/strong><\/p>\n\n\n\n<p><\/p>\n<\/div><\/div>\n","protected":false},"excerpt":{"rendered":"","protected":false},"author":1,"featured_media":0,"parent":0,"menu_order":0,"comment_status":"closed","ping_status":"closed","template":"","meta":[],"_links":{"self":[{"href":"https:\/\/energaspys.com\/index.php?rest_route=\/wp\/v2\/pages\/123"}],"collection":[{"href":"https:\/\/energaspys.com\/index.php?rest_route=\/wp\/v2\/pages"}],"about":[{"href":"https:\/\/energaspys.com\/index.php?rest_route=\/wp\/v2\/types\/page"}],"author":[{"embeddable":true,"href":"https:\/\/energaspys.com\/index.php?rest_route=\/wp\/v2\/users\/1"}],"replies":[{"embeddable":true,"href":"https:\/\/energaspys.com\/index.php?rest_route=%2Fwp%2Fv2%2Fcomments&post=123"}],"version-history":[{"count":15,"href":"https:\/\/energaspys.com\/index.php?rest_route=\/wp\/v2\/pages\/123\/revisions"}],"predecessor-version":[{"id":139,"href":"https:\/\/energaspys.com\/index.php?rest_route=\/wp\/v2\/pages\/123\/revisions\/139"}],"wp:attachment":[{"href":"https:\/\/energaspys.com\/index.php?rest_route=%2Fwp%2Fv2%2Fmedia&parent=123"}],"curies":[{"name":"wp","href":"https:\/\/api.w.org\/{rel}","templated":true}]}}