{"id":119,"date":"2019-07-31T17:05:01","date_gmt":"2019-07-31T17:05:01","guid":{"rendered":"http:\/\/energaspys.com\/?page_id=119"},"modified":"2019-07-31T17:05:01","modified_gmt":"2019-07-31T17:05:01","slug":"ductos-y-lineas","status":"publish","type":"page","link":"https:\/\/energaspys.com\/?page_id=119","title":{"rendered":"Ductos y L\u00edneas"},"content":{"rendered":"\n<div class=\"wp-block-cover has-background-dim\" style=\"background-image:url(http:\/\/energaspys.com\/wp-content\/uploads\/2019\/07\/energas1.png)\"><div class=\"wp-block-cover__inner-container\">\n<p><ul><li>Construcci\u00f3n, Mantenimiento y rehabilitaci\u00f3n de ductos terrestres y l\u00edneas de proceso y de servicio.<\/ul><\/li>\n<ul><li>Representante para complejos procesadores de gas de reguerzos no met\u00e1lico PIPE WRAP de MILLKEN INFRASTUCTURE.<\/ul><\/li>\n<ul><li>Obra civil, el\u00e9ctrica, mec\u00e1ica y protecci\u00f3n anticorrosiva.<\/ul><\/li>\n<ul><li>Aplicaci\u00f3n de limpeza mec\u00e1nica y esructural.<\/ul><\/li>\n<ul><li>Ingenier\u00eda, dise\u00f1o, construcci\u00f3n, mantenimiento, rehabilitaci\u00f3n y modificaci\u00f3n de equipo est\u00e1ticos. (estampado ASME U-R y estampado ASME S-R)<\/ul><\/li>\n<ul><li>Desmantelamiento para la desincorporaci\u00f3n de activos.<\/ul><\/li>\n<ul><li>Servicio a pozos con unidad de aceite caliente.<\/ul><\/li>\n<ul><li>Representante de inhibidor para la corrosi\u00f3n para oleoducto, oleogasoductos y gasoductos CPI CW.<\/ul><\/li><\/p>\n<\/div><\/div>\n","protected":false},"excerpt":{"rendered":"","protected":false},"author":1,"featured_media":0,"parent":0,"menu_order":0,"comment_status":"closed","ping_status":"closed","template":"","meta":[],"_links":{"self":[{"href":"https:\/\/energaspys.com\/index.php?rest_route=\/wp\/v2\/pages\/119"}],"collection":[{"href":"https:\/\/energaspys.com\/index.php?rest_route=\/wp\/v2\/pages"}],"about":[{"href":"https:\/\/energaspys.com\/index.php?rest_route=\/wp\/v2\/types\/page"}],"author":[{"embeddable":true,"href":"https:\/\/energaspys.com\/index.php?rest_route=\/wp\/v2\/users\/1"}],"replies":[{"embeddable":true,"href":"https:\/\/energaspys.com\/index.php?rest_route=%2Fwp%2Fv2%2Fcomments&post=119"}],"version-history":[{"count":3,"href":"https:\/\/energaspys.com\/index.php?rest_route=\/wp\/v2\/pages\/119\/revisions"}],"predecessor-version":[{"id":169,"href":"https:\/\/energaspys.com\/index.php?rest_route=\/wp\/v2\/pages\/119\/revisions\/169"}],"wp:attachment":[{"href":"https:\/\/energaspys.com\/index.php?rest_route=%2Fwp%2Fv2%2Fmedia&parent=119"}],"curies":[{"name":"wp","href":"https:\/\/api.w.org\/{rel}","templated":true}]}}